{"id":49,"date":"2012-08-29T22:49:12","date_gmt":"2012-08-29T19:49:12","guid":{"rendered":"http:\/\/birgitta.me\/WordPress3\/?page_id=49"},"modified":"2012-08-30T19:15:57","modified_gmt":"2012-08-30T16:15:57","slug":"birgitta","status":"publish","type":"page","link":"https:\/\/birgitta.me\/WordPress3\/birgitta\/","title":{"rendered":"Birgitta"},"content":{"rendered":"<p>Birgitta edess\u00e4, takana hurrit. Skuutit on aika tiukalla, periksi ei anneta&#8230;<\/p>\n<p><a href=\"http:\/\/birgitta.me\/WordPress3\/wp-content\/uploads\/2012\/08\/DSC031021.jpg\"><img loading=\"lazy\" decoding=\"async\" class=\"alignnone size-large wp-image-50\" title=\"Birgitta etummainen\" src=\"http:\/\/birgitta.me\/WordPress3\/wp-content\/uploads\/2012\/08\/DSC031021-1024x768.jpg\" alt=\"\" width=\"640\" height=\"480\" srcset=\"https:\/\/birgitta.me\/WordPress3\/wp-content\/uploads\/2012\/08\/DSC031021-1024x768.jpg 1024w, https:\/\/birgitta.me\/WordPress3\/wp-content\/uploads\/2012\/08\/DSC031021-300x225.jpg 300w, https:\/\/birgitta.me\/WordPress3\/wp-content\/uploads\/2012\/08\/DSC031021.jpg 2048w\" sizes=\"auto, (max-width: 640px) 100vw, 640px\" \/><\/a><\/p>\n<p>Koneet ei ole k\u00e4ynniss\u00e4 vaikka vaahtovana j\u00e4\u00e4 j\u00e4lkeen<\/p>\n","protected":false},"excerpt":{"rendered":"<p>Birgitta edess\u00e4, takana hurrit. Skuutit on aika tiukalla, periksi ei anneta&#8230; Koneet ei ole k\u00e4ynniss\u00e4 vaikka vaahtovana j\u00e4\u00e4 j\u00e4lkeen<\/p>\n","protected":false},"author":1,"featured_media":0,"parent":0,"menu_order":0,"comment_status":"closed","ping_status":"closed","template":"","meta":{"footnotes":""},"class_list":["post-49","page","type-page","status-publish","hentry"],"_links":{"self":[{"href":"https:\/\/birgitta.me\/WordPress3\/wp-json\/wp\/v2\/pages\/49","targetHints":{"allow":["GET"]}}],"collection":[{"href":"https:\/\/birgitta.me\/WordPress3\/wp-json\/wp\/v2\/pages"}],"about":[{"href":"https:\/\/birgitta.me\/WordPress3\/wp-json\/wp\/v2\/types\/page"}],"author":[{"embeddable":true,"href":"https:\/\/birgitta.me\/WordPress3\/wp-json\/wp\/v2\/users\/1"}],"replies":[{"embeddable":true,"href":"https:\/\/birgitta.me\/WordPress3\/wp-json\/wp\/v2\/comments?post=49"}],"version-history":[{"count":4,"href":"https:\/\/birgitta.me\/WordPress3\/wp-json\/wp\/v2\/pages\/49\/revisions"}],"predecessor-version":[{"id":52,"href":"https:\/\/birgitta.me\/WordPress3\/wp-json\/wp\/v2\/pages\/49\/revisions\/52"}],"wp:attachment":[{"href":"https:\/\/birgitta.me\/WordPress3\/wp-json\/wp\/v2\/media?parent=49"}],"curies":[{"name":"wp","href":"https:\/\/api.w.org\/{rel}","templated":true}]}}