{"id":3903,"date":"2016-04-30T21:03:00","date_gmt":"2016-04-30T18:03:00","guid":{"rendered":"http:\/\/birgitta.me\/WordPress3\/?page_id=3903"},"modified":"2016-04-30T21:03:00","modified_gmt":"2016-04-30T18:03:00","slug":"postiakin-saa-lahettaa","status":"publish","type":"page","link":"https:\/\/birgitta.me\/WordPress3\/postiakin-saa-lahettaa\/","title":{"rendered":"Postiakin saa l\u00e4hett\u00e4\u00e4.."},"content":{"rendered":"<p><a href=\"http:\/\/birgitta.me\/WordPress3\/wp-content\/uploads\/2013\/06\/birgitta-osoite.jpg\"><img loading=\"lazy\" decoding=\"async\" class=\"alignnone size-full wp-image-288\" src=\"http:\/\/birgitta.me\/WordPress3\/wp-content\/uploads\/2013\/06\/birgitta-osoite.jpg\" alt=\"birgitta osoite\" width=\"640\" height=\"400\" srcset=\"https:\/\/birgitta.me\/WordPress3\/wp-content\/uploads\/2013\/06\/birgitta-osoite.jpg 640w, https:\/\/birgitta.me\/WordPress3\/wp-content\/uploads\/2013\/06\/birgitta-osoite-300x187.jpg 300w\" sizes=\"auto, (max-width: 640px) 100vw, 640px\" \/><\/a><\/p>\n","protected":false},"excerpt":{"rendered":"","protected":false},"author":1,"featured_media":0,"parent":0,"menu_order":0,"comment_status":"closed","ping_status":"closed","template":"","meta":{"footnotes":""},"class_list":["post-3903","page","type-page","status-publish","hentry"],"_links":{"self":[{"href":"https:\/\/birgitta.me\/WordPress3\/wp-json\/wp\/v2\/pages\/3903","targetHints":{"allow":["GET"]}}],"collection":[{"href":"https:\/\/birgitta.me\/WordPress3\/wp-json\/wp\/v2\/pages"}],"about":[{"href":"https:\/\/birgitta.me\/WordPress3\/wp-json\/wp\/v2\/types\/page"}],"author":[{"embeddable":true,"href":"https:\/\/birgitta.me\/WordPress3\/wp-json\/wp\/v2\/users\/1"}],"replies":[{"embeddable":true,"href":"https:\/\/birgitta.me\/WordPress3\/wp-json\/wp\/v2\/comments?post=3903"}],"version-history":[{"count":1,"href":"https:\/\/birgitta.me\/WordPress3\/wp-json\/wp\/v2\/pages\/3903\/revisions"}],"predecessor-version":[{"id":3904,"href":"https:\/\/birgitta.me\/WordPress3\/wp-json\/wp\/v2\/pages\/3903\/revisions\/3904"}],"wp:attachment":[{"href":"https:\/\/birgitta.me\/WordPress3\/wp-json\/wp\/v2\/media?parent=3903"}],"curies":[{"name":"wp","href":"https:\/\/api.w.org\/{rel}","templated":true}]}}